{"id":1145,"date":"2016-11-18T18:10:10","date_gmt":"2016-11-18T23:10:10","guid":{"rendered":"https:\/\/imi.com.pa\/?page_id=1145&#038;lang=en"},"modified":"2024-08-16T15:28:34","modified_gmt":"2024-08-16T20:28:34","slug":"contact-us","status":"publish","type":"page","link":"https:\/\/imi.com.pa\/en\/contact-us\/","title":{"rendered":"Contact Us"},"content":{"rendered":"<h2>CONTACT INFO IN PANAMA:<\/h2>\n<div class=\"colX2\">\n<p>Phone:(507) 317-6670<br \/>\nFax: (507) 317-6186<\/p>\n<p>E-mail:<br \/>\n<a href=\"mailto:info@imi.com.pa\">info@imi.com.pa<\/a><\/p>\n<\/div>\n<div class=\"colX2\">\n<p>Obarrio, Av. Samuel Lewis con C. 55 Este.<br \/>\nP. H. Plaza Globus.<br \/>\nPanam\u00e1, Rep\u00fablica de Panam\u00e1.<\/p>\n<\/div>\n","protected":false},"excerpt":{"rendered":"<p>CONTACT INFO IN PANAMA: Phone:(507) 317-6670 Fax: (507) 317-6186 E-mail: info@imi.com.pa Obarrio, Av. Samuel Lewis con C. 55 Este. P. H. Plaza Globus. Panam\u00e1, Rep\u00fablica de Panam\u00e1.<\/p>\n","protected":false},"author":1,"featured_media":0,"parent":0,"menu_order":0,"comment_status":"closed","ping_status":"closed","template":"contact.php","meta":{"_acf_changed":false,"footnotes":""},"class_list":["post-1145","page","type-page","status-publish","hentry"],"acf":[],"_links":{"self":[{"href":"https:\/\/imi.com.pa\/en\/wp-json\/wp\/v2\/pages\/1145","targetHints":{"allow":["GET"]}}],"collection":[{"href":"https:\/\/imi.com.pa\/en\/wp-json\/wp\/v2\/pages"}],"about":[{"href":"https:\/\/imi.com.pa\/en\/wp-json\/wp\/v2\/types\/page"}],"author":[{"embeddable":true,"href":"https:\/\/imi.com.pa\/en\/wp-json\/wp\/v2\/users\/1"}],"replies":[{"embeddable":true,"href":"https:\/\/imi.com.pa\/en\/wp-json\/wp\/v2\/comments?post=1145"}],"version-history":[{"count":9,"href":"https:\/\/imi.com.pa\/en\/wp-json\/wp\/v2\/pages\/1145\/revisions"}],"predecessor-version":[{"id":3236,"href":"https:\/\/imi.com.pa\/en\/wp-json\/wp\/v2\/pages\/1145\/revisions\/3236"}],"wp:attachment":[{"href":"https:\/\/imi.com.pa\/en\/wp-json\/wp\/v2\/media?parent=1145"}],"curies":[{"name":"wp","href":"https:\/\/api.w.org\/{rel}","templated":true}]}}